{"id":48,"date":"2025-08-07T14:35:43","date_gmt":"2025-08-07T20:35:43","guid":{"rendered":"https:\/\/ampsafe.koodehosting.com\/?page_id=48"},"modified":"2026-01-13T23:56:55","modified_gmt":"2026-01-14T04:56:55","slug":"politica-de-privacidad","status":"publish","type":"page","link":"https:\/\/www.ampsafe.com\/mx\/politica-de-privacidad\/","title":{"rendered":"Aviso de Privacidad Integral"},"content":{"rendered":"<div data-elementor-type=\"wp-page\" data-elementor-id=\"48\" class=\"elementor elementor-48\" data-elementor-post-type=\"page\">\n\t\t\t\t<div class=\"elementor-element elementor-element-c1c9381 e-flex e-con-boxed e-con e-parent\" data-id=\"c1c9381\" data-element_type=\"container\">\n\t\t\t\t\t<div class=\"e-con-inner\">\n\t\t\t\t<div class=\"elementor-element elementor-element-b7101ec elementor-widget elementor-widget-text-editor\" data-id=\"b7101ec\" data-element_type=\"widget\" data-no-translation=\"\" data-widget_type=\"text-editor.default\">\n\t\t\t\t\t\t\t\t\t<h2 class=\"wp-block-heading\">Aviso de Privacidad<\/h2><p><!-- \/wp:heading --><!-- wp:paragraph --><\/p><p><strong>AMPSAFE M\u00c9XICO<\/strong><strong><br \/><\/strong> \u00daltima actualizaci\u00f3n: <em>07 de agosto de 2025<\/em><\/p><p><!-- \/wp:paragraph --><!-- wp:paragraph --><\/p><p>En <strong>AMPSAFE M\u00c9XICO<\/strong>, con domicilio en Calle \u00c1ngel Mart\u00ednez Villarreal n\u00famero 637, interior B, Monterrey, Nuevo Le\u00f3n, C.P. 64030, somos responsables del uso y protecci\u00f3n de sus datos personales y, al respecto, le informamos lo siguiente:<\/p><p>\u00a0<\/p><p><!-- \/wp:paragraph --><!-- wp:heading {\"level\":3} --><\/p><h3 class=\"wp-block-heading\"><strong>1. Datos personales que recabamos<\/strong><\/h3><p><!-- \/wp:heading --><!-- wp:paragraph --><\/p><p>Podremos recabar los siguientes datos personales:<\/p><p><!-- \/wp:paragraph --><!-- wp:list --><\/p><ul class=\"wp-block-list\"><li style=\"list-style-type: none;\"><ul class=\"wp-block-list\"><li style=\"list-style-type: none;\"><ul class=\"wp-block-list\"><!-- wp:list-item --><\/ul><\/li><\/ul><p>\u00a0<\/p><ul class=\"wp-block-list\"><li>Nombre completo<\/li><\/ul><\/li><\/ul><p><!-- \/wp:list-item --><!-- wp:list-item --><\/p><ul class=\"wp-block-list\"><li style=\"list-style-type: none;\"><ul class=\"wp-block-list\"><li>Correo electr\u00f3nico<\/li><\/ul><\/li><\/ul><p><!-- \/wp:list-item --><!-- wp:list-item --><\/p><ul class=\"wp-block-list\"><li style=\"list-style-type: none;\"><ul class=\"wp-block-list\"><li>N\u00famero de celular<\/li><\/ul><\/li><\/ul><p><!-- \/wp:list-item --><!-- wp:list-item --><\/p><ul class=\"wp-block-list\"><li style=\"list-style-type: none;\"><ul class=\"wp-block-list\"><li>Mensaje libre proporcionado por el usuario<\/li><\/ul><\/li><\/ul><p><!-- \/wp:list-item --><\/p><p><!-- \/wp:list --><!-- wp:paragraph --><\/p><p>No recabamos datos personales sensibles.<\/p><p>\u00a0<\/p><p><!-- \/wp:paragraph --><!-- wp:heading {\"level\":3} --><\/p><h3 class=\"wp-block-heading\"><strong>2. Finalidades del tratamiento<\/strong><\/h3><p><!-- \/wp:heading --><!-- wp:paragraph --><\/p><p>Los datos personales que obtenemos se utilizar\u00e1n para las siguientes finalidades primarias, necesarias para la prestaci\u00f3n del servicio:<\/p><p><!-- \/wp:paragraph --><!-- wp:list --><\/p><ul class=\"wp-block-list\"><li style=\"list-style-type: none;\"><ul class=\"wp-block-list\"><li style=\"list-style-type: none;\"><ul class=\"wp-block-list\"><!-- wp:list-item --><\/ul><\/li><\/ul><p>\u00a0<\/p><ul class=\"wp-block-list\"><li>Enviar cotizaciones solicitadas<\/li><\/ul><\/li><\/ul><p><!-- \/wp:list-item --><!-- wp:list-item --><\/p><ul class=\"wp-block-list\"><li style=\"list-style-type: none;\"><ul class=\"wp-block-list\"><li>Proporcionar informaci\u00f3n sobre nuestros servicios<\/li><\/ul><\/li><\/ul><p><!-- \/wp:list-item --><!-- wp:list-item --><\/p><ul class=\"wp-block-list\"><li style=\"list-style-type: none;\"><ul class=\"wp-block-list\"><li>Realizar acciones de marketing relacionadas con nuestros productos o servicios<\/li><\/ul><\/li><\/ul><p><!-- \/wp:list-item --><!-- wp:list-item --><\/p><ul class=\"wp-block-list\"><li style=\"list-style-type: none;\"><ul class=\"wp-block-list\"><li>Elaborar an\u00e1lisis estad\u00edsticos para mejorar nuestros servicios<\/li><\/ul><\/li><\/ul><p><!-- \/wp:list-item --><\/p><p><!-- \/wp:list --><!-- wp:paragraph --><\/p><p>No realizamos, de momento, el env\u00edo de boletines o newsletters.<\/p><p>\u00a0<\/p><p><!-- \/wp:paragraph --><!-- wp:heading {\"level\":3} --><\/p><h3 class=\"wp-block-heading\"><strong>3. Transferencia de datos<\/strong><\/h3><p><!-- \/wp:heading --><!-- wp:paragraph --><\/p><p>Actualmente <strong>no compartimos<\/strong> su informaci\u00f3n personal con terceros.<\/p><p>\u00a0<\/p><p><!-- \/wp:paragraph --><!-- wp:heading {\"level\":3} --><\/p><h3 class=\"wp-block-heading\"><strong>4. Derechos ARCO<\/strong><\/h3><p><!-- \/wp:heading --><!-- wp:paragraph --><\/p><p>Usted tiene derecho a <strong>Acceder<\/strong>, <strong>Rectificar<\/strong>, <strong>Cancelar<\/strong> u <strong>Oponerse<\/strong> al uso de sus datos personales, as\u00ed como a revocar el consentimiento otorgado.<br \/>Para ejercer estos derechos, puede enviar una solicitud al correo: <strong>contacto@ampsafe.com.mx<\/strong><\/p><p><!-- \/wp:paragraph --><!-- wp:paragraph --><\/p><p>En su solicitud deber\u00e1 incluir:<\/p><p><!-- \/wp:paragraph --><!-- wp:list --><\/p><ul class=\"wp-block-list\"><li style=\"list-style-type: none;\"><ul class=\"wp-block-list\"><li style=\"list-style-type: none;\"><ul class=\"wp-block-list\"><!-- wp:list-item --><\/ul><\/li><\/ul><p>\u00a0<\/p><ul class=\"wp-block-list\"><li>Nombre completo<\/li><\/ul><\/li><\/ul><p><!-- \/wp:list-item --><!-- wp:list-item --><\/p><ul class=\"wp-block-list\"><li style=\"list-style-type: none;\"><ul class=\"wp-block-list\"><li>Descripci\u00f3n clara del derecho que desea ejercer<\/li><\/ul><\/li><\/ul><p><!-- \/wp:list-item --><!-- wp:list-item --><\/p><ul class=\"wp-block-list\"><li style=\"list-style-type: none;\"><ul class=\"wp-block-list\"><li>Medio para recibir notificaciones<\/li><li>\u00a0<\/li><\/ul><\/li><\/ul><p><!-- \/wp:list-item --><\/p><p><!-- \/wp:list --><!-- wp:heading {\"level\":3} --><\/p><h3 class=\"wp-block-heading\"><strong>5. Uso de cookies y tecnolog\u00edas de seguimiento<\/strong><\/h3><p><!-- \/wp:heading --><!-- wp:paragraph --><\/p><p>Nuestro sitio web utiliza cookies y tecnolog\u00edas similares para mejorar la experiencia del usuario, as\u00ed como con fines estad\u00edsticos y de marketing.<br \/>Usted puede deshabilitar las cookies desde la configuraci\u00f3n de su navegador, sin embargo, esto podr\u00eda afectar algunas funciones del sitio.<\/p><p>\u00a0<\/p><p><!-- \/wp:paragraph --><!-- wp:heading {\"level\":3} --><\/p><h3 class=\"wp-block-heading\"><strong>6. Cambios al presente aviso de privacidad<\/strong><\/h3><p><!-- \/wp:heading --><!-- wp:paragraph --><\/p><p>Nos reservamos el derecho de realizar modificaciones o actualizaciones a este aviso en cualquier momento. Cualquier cambio ser\u00e1 publicado en:<\/p><p><!-- \/wp:paragraph --><!-- wp:list --><\/p><ul class=\"wp-block-list\"><li style=\"list-style-type: none;\"><ul class=\"wp-block-list\"><li style=\"list-style-type: none;\"><ul class=\"wp-block-list\"><!-- wp:list-item --><\/ul><\/li><\/ul><p>\u00a0<\/p><ul class=\"wp-block-list\"><li><a href=\"https:\/\/www.ampsafe.com\/\">https:\/\/www.ampsafe.com\/<\/a> (sitio USA)<\/li><\/ul><\/li><\/ul><p><!-- \/wp:list-item --><!-- wp:list-item --><\/p><ul class=\"wp-block-list\"><li style=\"list-style-type: none;\"><br \/><ul class=\"wp-block-list\"><li><a href=\"https:\/\/www.ampsafe.com.mx\">https:\/\/www.ampsafe.com.mx<\/a> (sitio M\u00e9xico)<\/li><\/ul><\/li><\/ul><div>\u00a0<\/div><div>\u00a0<\/div><p><!-- \/wp:list-item --><\/p><p><!-- \/wp:list --><!-- wp:heading {\"level\":3} --><\/p><h3 class=\"wp-block-heading\"><strong>7. Aceptaci\u00f3n<\/strong><\/h3><p><!-- \/wp:heading --><!-- wp:paragraph --><\/p><p>Al utilizar este sitio web, usted manifiesta que ha le\u00eddo y comprendido este Aviso de Privacidad y otorga su consentimiento para el tratamiento de sus datos personales conforme a lo aqu\u00ed establecido.<\/p><p><!-- \/wp:paragraph --><\/p>\t\t\t\t\t\t\t\t<\/div>\n\t\t\t\t\t<\/div>\n\t\t\t\t<\/div>\n\t\t\t\t<\/div>","protected":false},"excerpt":{"rendered":"<p>Privacy Policy \u00a0 AMPSAFELast Updated: August 7, 2025 AMPSAFE (\u201cwe,\u201d \u201cour,\u201d or \u201cus\u201d) is committed to protecting your personal information. This Privacy Policy explains how we collect, use, disclose, and safeguard your information when you visit our website or contact us. By using our website, you agree to the terms described in this Privacy Policy. [&hellip;]<\/p>","protected":false},"author":2,"featured_media":0,"parent":0,"menu_order":0,"comment_status":"closed","ping_status":"closed","template":"","meta":{"_acf_changed":false,"inline_featured_image":false,"_monsterinsights_skip_tracking":false,"_monsterinsights_sitenote_active":false,"_monsterinsights_sitenote_note":"","_monsterinsights_sitenote_category":0,"footnotes":""},"class_list":["post-48","page","type-page","status-publish","hentry"],"acf":[],"yoast_head":"<!-- This site is optimized with the Yoast SEO Premium plugin v26.7 (Yoast SEO v26.7) - https:\/\/yoast.com\/wordpress\/plugins\/seo\/ -->\n<title>Privacy Policy - AMPSAFE<\/title>\n<meta name=\"robots\" content=\"noindex, follow\" \/>\n<meta property=\"og:locale\" content=\"es_MX\" \/>\n<meta property=\"og:type\" content=\"article\" \/>\n<meta property=\"og:title\" content=\"Privacy Policy\" \/>\n<meta property=\"og:description\" content=\"Privacy Policy \u00a0 AMPSAFELast Updated: August 7, 2025 AMPSAFE (\u201cwe,\u201d \u201cour,\u201d or \u201cus\u201d) is committed to protecting your personal information. This Privacy Policy explains how we collect, use, disclose, and safeguard your information when you visit our website or contact us. By using our website, you agree to the terms described in this Privacy Policy. [&hellip;]\" \/>\n<meta property=\"og:url\" content=\"https:\/\/www.ampsafe.com\/mx\/politica-de-privacidad\/\" \/>\n<meta property=\"og:site_name\" content=\"AMPSAFE\" \/>\n<meta property=\"article:publisher\" content=\"https:\/\/www.facebook.com\/arcflashsafety\/\" \/>\n<meta property=\"article:modified_time\" content=\"2026-01-14T04:56:55+00:00\" \/>\n<meta name=\"twitter:card\" content=\"summary_large_image\" \/>\n<meta name=\"twitter:label1\" content=\"Tiempo de lectura\" \/>\n\t<meta name=\"twitter:data1\" content=\"4 minutos\" \/>\n<script type=\"application\/ld+json\" class=\"yoast-schema-graph\">{\"@context\":\"https:\/\/schema.org\",\"@graph\":[{\"@type\":\"WebPage\",\"@id\":\"https:\/\/www.ampsafe.com\/privacy-policy\/\",\"url\":\"https:\/\/www.ampsafe.com\/privacy-policy\/\",\"name\":\"Privacy Policy - AMPSAFE\",\"isPartOf\":{\"@id\":\"https:\/\/www.ampsafe.com\/#website\"},\"datePublished\":\"2025-08-07T20:35:43+00:00\",\"dateModified\":\"2026-01-14T04:56:55+00:00\",\"breadcrumb\":{\"@id\":\"https:\/\/www.ampsafe.com\/privacy-policy\/#breadcrumb\"},\"inLanguage\":\"es\",\"potentialAction\":[{\"@type\":\"ReadAction\",\"target\":[\"https:\/\/www.ampsafe.com\/privacy-policy\/\"]}]},{\"@type\":\"BreadcrumbList\",\"@id\":\"https:\/\/www.ampsafe.com\/privacy-policy\/#breadcrumb\",\"itemListElement\":[{\"@type\":\"ListItem\",\"position\":1,\"name\":\"Home\",\"item\":\"https:\/\/www.ampsafe.com\/\"},{\"@type\":\"ListItem\",\"position\":2,\"name\":\"Privacy Policy\"}]},{\"@type\":\"WebSite\",\"@id\":\"https:\/\/www.ampsafe.com\/#website\",\"url\":\"https:\/\/www.ampsafe.com\/\",\"name\":\"AMPSAFE\",\"description\":\"\",\"publisher\":{\"@id\":\"https:\/\/www.ampsafe.com\/#organization\"},\"potentialAction\":[{\"@type\":\"SearchAction\",\"target\":{\"@type\":\"EntryPoint\",\"urlTemplate\":\"https:\/\/www.ampsafe.com\/?s={search_term_string}\"},\"query-input\":{\"@type\":\"PropertyValueSpecification\",\"valueRequired\":true,\"valueName\":\"search_term_string\"}}],\"inLanguage\":\"es\"},{\"@type\":\"Organization\",\"@id\":\"https:\/\/www.ampsafe.com\/#organization\",\"name\":\"AMPSAFE\",\"url\":\"https:\/\/www.ampsafe.com\/\",\"logo\":{\"@type\":\"ImageObject\",\"inLanguage\":\"es\",\"@id\":\"https:\/\/www.ampsafe.com\/#\/schema\/logo\/image\/\",\"url\":\"https:\/\/www.ampsafe.com\/wp-content\/uploads\/2025\/08\/image-335.png\",\"contentUrl\":\"https:\/\/www.ampsafe.com\/wp-content\/uploads\/2025\/08\/image-335.png\",\"width\":691,\"height\":288,\"caption\":\"AMPSAFE\"},\"image\":{\"@id\":\"https:\/\/www.ampsafe.com\/#\/schema\/logo\/image\/\"},\"sameAs\":[\"https:\/\/www.facebook.com\/arcflashsafety\/\",\"https:\/\/www.linkedin.com\/company\/arcflashsafety\/\"]}]}<\/script>\n<!-- \/ Yoast SEO Premium plugin. -->","yoast_head_json":{"title":"Pol\u00edtica de privacidad - AMPSAFE","robots":{"index":"noindex","follow":"follow"},"og_locale":"es_MX","og_type":"article","og_title":"Privacy Policy","og_description":"Privacy Policy \u00a0 AMPSAFELast Updated: August 7, 2025 AMPSAFE (\u201cwe,\u201d \u201cour,\u201d or \u201cus\u201d) is committed to protecting your personal information. This Privacy Policy explains how we collect, use, disclose, and safeguard your information when you visit our website or contact us. By using our website, you agree to the terms described in this Privacy Policy. [&hellip;]","og_url":"https:\/\/www.ampsafe.com\/mx\/politica-de-privacidad\/","og_site_name":"AMPSAFE","article_publisher":"https:\/\/www.facebook.com\/arcflashsafety\/","article_modified_time":"2026-01-14T04:56:55+00:00","twitter_card":"summary_large_image","twitter_misc":{"Tiempo de lectura":"4 minutos"},"schema":{"@context":"https:\/\/schema.org","@graph":[{"@type":"WebPage","@id":"https:\/\/www.ampsafe.com\/privacy-policy\/","url":"https:\/\/www.ampsafe.com\/privacy-policy\/","name":"Pol\u00edtica de privacidad - AMPSAFE","isPartOf":{"@id":"https:\/\/www.ampsafe.com\/#website"},"datePublished":"2025-08-07T20:35:43+00:00","dateModified":"2026-01-14T04:56:55+00:00","breadcrumb":{"@id":"https:\/\/www.ampsafe.com\/privacy-policy\/#breadcrumb"},"inLanguage":"es","potentialAction":[{"@type":"ReadAction","target":["https:\/\/www.ampsafe.com\/privacy-policy\/"]}]},{"@type":"BreadcrumbList","@id":"https:\/\/www.ampsafe.com\/privacy-policy\/#breadcrumb","itemListElement":[{"@type":"ListItem","position":1,"name":"Home","item":"https:\/\/www.ampsafe.com\/"},{"@type":"ListItem","position":2,"name":"Privacy Policy"}]},{"@type":"WebSite","@id":"https:\/\/www.ampsafe.com\/#website","url":"https:\/\/www.ampsafe.com\/","name":"&nbsp;","description":"","publisher":{"@id":"https:\/\/www.ampsafe.com\/#organization"},"potentialAction":[{"@type":"SearchAction","target":{"@type":"EntryPoint","urlTemplate":"https:\/\/www.ampsafe.com\/?s={search_term_string}"},"query-input":{"@type":"PropertyValueSpecification","valueRequired":true,"valueName":"search_term_string"}}],"inLanguage":"es"},{"@type":"Organization","@id":"https:\/\/www.ampsafe.com\/#organization","name":"&nbsp;","url":"https:\/\/www.ampsafe.com\/","logo":{"@type":"ImageObject","inLanguage":"es","@id":"https:\/\/www.ampsafe.com\/#\/schema\/logo\/image\/","url":"https:\/\/www.ampsafe.com\/wp-content\/uploads\/2025\/08\/image-335.png","contentUrl":"https:\/\/www.ampsafe.com\/wp-content\/uploads\/2025\/08\/image-335.png","width":691,"height":288,"caption":"AMPSAFE"},"image":{"@id":"https:\/\/www.ampsafe.com\/#\/schema\/logo\/image\/"},"sameAs":["https:\/\/www.facebook.com\/arcflashsafety\/","https:\/\/www.linkedin.com\/company\/arcflashsafety\/"]}]}},"_links":{"self":[{"href":"https:\/\/www.ampsafe.com\/mx\/wp-json\/wp\/v2\/pages\/48","targetHints":{"allow":["GET"]}}],"collection":[{"href":"https:\/\/www.ampsafe.com\/mx\/wp-json\/wp\/v2\/pages"}],"about":[{"href":"https:\/\/www.ampsafe.com\/mx\/wp-json\/wp\/v2\/types\/page"}],"author":[{"embeddable":true,"href":"https:\/\/www.ampsafe.com\/mx\/wp-json\/wp\/v2\/users\/2"}],"replies":[{"embeddable":true,"href":"https:\/\/www.ampsafe.com\/mx\/wp-json\/wp\/v2\/comments?post=48"}],"version-history":[{"count":18,"href":"https:\/\/www.ampsafe.com\/mx\/wp-json\/wp\/v2\/pages\/48\/revisions"}],"predecessor-version":[{"id":1640,"href":"https:\/\/www.ampsafe.com\/mx\/wp-json\/wp\/v2\/pages\/48\/revisions\/1640"}],"wp:attachment":[{"href":"https:\/\/www.ampsafe.com\/mx\/wp-json\/wp\/v2\/media?parent=48"}],"curies":[{"name":"wp","href":"https:\/\/api.w.org\/{rel}","templated":true}]}}